{"id":4008,"date":"2022-10-03T18:02:15","date_gmt":"2022-10-03T16:02:15","guid":{"rendered":"http:\/\/fetavie.be\/?post_type=product&#038;p=4008"},"modified":"2022-10-17T16:34:28","modified_gmt":"2022-10-17T14:34:28","slug":"feta","status":"publish","type":"product","link":"https:\/\/fetavie.be\/index.php\/produit\/feta\/","title":{"rendered":"Feta gratin\u00e9e"},"content":{"rendered":"","protected":false},"excerpt":{"rendered":"<p>Une feta cr\u00e9meuse, gratin\u00e9e au four avec piment doux, huile d&rsquo;olive de premi\u00e8re qualit\u00e9 et origan&#8230;<\/p>\n","protected":false},"featured_media":4031,"comment_status":"open","ping_status":"closed","template":"","meta":[],"product_brand":[],"product_cat":[27],"product_tag":[],"class_list":{"0":"post-4008","1":"product","2":"type-product","3":"status-publish","4":"has-post-thumbnail","6":"product_cat-nos-entrees","8":"first","9":"instock","10":"shipping-taxable","11":"purchasable","12":"product-type-simple"},"yoast_head":"<!-- This site is optimized with the Yoast SEO plugin v24.3 - https:\/\/yoast.com\/wordpress\/plugins\/seo\/ -->\n<title>Feta gratin\u00e9e - FETAVIE<\/title>\n<meta name=\"description\" content=\"Nous vous invitons \u00e0 venir d\u00e9couvrir notre univers culinaire dans un design \u00e0 la fois chic et \u00e9pur\u00e9, ou vous pourrez savourer une cuisine m\u00e9diterran\u00e9enne revisit\u00e9e, en plein c\u0153ur de la campagne carolor\u00e9gienne.\" \/>\n<meta name=\"robots\" content=\"index, follow, max-snippet:-1, max-image-preview:large, max-video-preview:-1\" \/>\n<link rel=\"canonical\" href=\"https:\/\/fetavie.be\/index.php\/produit\/feta\/\" \/>\n<meta property=\"og:locale\" content=\"fr_FR\" \/>\n<meta property=\"og:type\" content=\"article\" \/>\n<meta property=\"og:title\" content=\"Feta gratin\u00e9e - FETAVIE\" \/>\n<meta property=\"og:description\" content=\"Nous vous invitons \u00e0 venir d\u00e9couvrir notre univers culinaire dans un design \u00e0 la fois chic et \u00e9pur\u00e9, ou vous pourrez savourer une cuisine m\u00e9diterran\u00e9enne revisit\u00e9e, en plein c\u0153ur de la campagne carolor\u00e9gienne.\" \/>\n<meta property=\"og:url\" content=\"https:\/\/fetavie.be\/index.php\/produit\/feta\/\" \/>\n<meta property=\"og:site_name\" content=\"FETAVIE\" \/>\n<meta property=\"article:publisher\" content=\"https:\/\/www.facebook.com\/RestaurantTraiteurFetavie\" \/>\n<meta property=\"article:modified_time\" content=\"2022-10-17T14:34:28+00:00\" \/>\n<meta property=\"og:image\" content=\"https:\/\/fetavie.be\/wp-content\/uploads\/2022\/10\/feta-gratinee-fetavie.png\" \/>\n\t<meta property=\"og:image:width\" content=\"500\" \/>\n\t<meta property=\"og:image:height\" content=\"400\" \/>\n\t<meta property=\"og:image:type\" content=\"image\/png\" \/>\n<meta name=\"twitter:card\" content=\"summary_large_image\" \/>\n<script type=\"application\/ld+json\" class=\"yoast-schema-graph\">{\"@context\":\"https:\/\/schema.org\",\"@graph\":[{\"@type\":\"WebPage\",\"@id\":\"https:\/\/fetavie.be\/index.php\/produit\/feta\/\",\"url\":\"https:\/\/fetavie.be\/index.php\/produit\/feta\/\",\"name\":\"Feta gratin\u00e9e - FETAVIE\",\"isPartOf\":{\"@id\":\"https:\/\/fetavie.be\/#website\"},\"primaryImageOfPage\":{\"@id\":\"https:\/\/fetavie.be\/index.php\/produit\/feta\/#primaryimage\"},\"image\":{\"@id\":\"https:\/\/fetavie.be\/index.php\/produit\/feta\/#primaryimage\"},\"thumbnailUrl\":\"https:\/\/fetavie.be\/wp-content\/uploads\/2022\/10\/feta-gratinee-fetavie.png\",\"datePublished\":\"2022-10-03T16:02:15+00:00\",\"dateModified\":\"2022-10-17T14:34:28+00:00\",\"description\":\"Nous vous invitons \u00e0 venir d\u00e9couvrir notre univers culinaire dans un design \u00e0 la fois chic et \u00e9pur\u00e9, ou vous pourrez savourer une cuisine m\u00e9diterran\u00e9enne revisit\u00e9e, en plein c\u0153ur de la campagne carolor\u00e9gienne.\",\"breadcrumb\":{\"@id\":\"https:\/\/fetavie.be\/index.php\/produit\/feta\/#breadcrumb\"},\"inLanguage\":\"fr-FR\",\"potentialAction\":[{\"@type\":\"ReadAction\",\"target\":[\"https:\/\/fetavie.be\/index.php\/produit\/feta\/\"]}]},{\"@type\":\"ImageObject\",\"inLanguage\":\"fr-FR\",\"@id\":\"https:\/\/fetavie.be\/index.php\/produit\/feta\/#primaryimage\",\"url\":\"https:\/\/fetavie.be\/wp-content\/uploads\/2022\/10\/feta-gratinee-fetavie.png\",\"contentUrl\":\"https:\/\/fetavie.be\/wp-content\/uploads\/2022\/10\/feta-gratinee-fetavie.png\",\"width\":500,\"height\":400,\"caption\":\"feta gratin\u00e9e fetavie\"},{\"@type\":\"BreadcrumbList\",\"@id\":\"https:\/\/fetavie.be\/index.php\/produit\/feta\/#breadcrumb\",\"itemListElement\":[{\"@type\":\"ListItem\",\"position\":1,\"name\":\"Accueil\",\"item\":\"https:\/\/fetavie.be\/\"},{\"@type\":\"ListItem\",\"position\":2,\"name\":\"Take Away\",\"item\":\"https:\/\/fetavie.be\/index.php\/takeout\/\"},{\"@type\":\"ListItem\",\"position\":3,\"name\":\"Feta gratin\u00e9e\"}]},{\"@type\":\"WebSite\",\"@id\":\"https:\/\/fetavie.be\/#website\",\"url\":\"https:\/\/fetavie.be\/\",\"name\":\"FETAVIE - RESTAURANT\",\"description\":\"By Tolis Lalos\",\"publisher\":{\"@id\":\"https:\/\/fetavie.be\/#organization\"},\"alternateName\":\"FETAVIE - RESTAURANT\",\"potentialAction\":[{\"@type\":\"SearchAction\",\"target\":{\"@type\":\"EntryPoint\",\"urlTemplate\":\"https:\/\/fetavie.be\/?s={search_term_string}\"},\"query-input\":{\"@type\":\"PropertyValueSpecification\",\"valueRequired\":true,\"valueName\":\"search_term_string\"}}],\"inLanguage\":\"fr-FR\"},{\"@type\":\"Organization\",\"@id\":\"https:\/\/fetavie.be\/#organization\",\"name\":\"FETAVIE - RESTAURANT\",\"url\":\"https:\/\/fetavie.be\/\",\"logo\":{\"@type\":\"ImageObject\",\"inLanguage\":\"fr-FR\",\"@id\":\"https:\/\/fetavie.be\/#\/schema\/logo\/image\/\",\"url\":\"https:\/\/fetavie.be\/wp-content\/uploads\/2022\/08\/cropped-icon-fitavie.jpg\",\"contentUrl\":\"https:\/\/fetavie.be\/wp-content\/uploads\/2022\/08\/cropped-icon-fitavie.jpg\",\"width\":512,\"height\":512,\"caption\":\"FETAVIE - RESTAURANT\"},\"image\":{\"@id\":\"https:\/\/fetavie.be\/#\/schema\/logo\/image\/\"},\"sameAs\":[\"https:\/\/www.facebook.com\/RestaurantTraiteurFetavie\",\"https:\/\/www.instagram.com\/themefusion\/?hl=en\"]}]}<\/script>\n<!-- \/ Yoast SEO plugin. -->","yoast_head_json":{"title":"Feta gratin\u00e9e - FETAVIE","description":"Nous vous invitons \u00e0 venir d\u00e9couvrir notre univers culinaire dans un design \u00e0 la fois chic et \u00e9pur\u00e9, ou vous pourrez savourer une cuisine m\u00e9diterran\u00e9enne revisit\u00e9e, en plein c\u0153ur de la campagne carolor\u00e9gienne.","robots":{"index":"index","follow":"follow","max-snippet":"max-snippet:-1","max-image-preview":"max-image-preview:large","max-video-preview":"max-video-preview:-1"},"canonical":"https:\/\/fetavie.be\/index.php\/produit\/feta\/","og_locale":"fr_FR","og_type":"article","og_title":"Feta gratin\u00e9e - FETAVIE","og_description":"Nous vous invitons \u00e0 venir d\u00e9couvrir notre univers culinaire dans un design \u00e0 la fois chic et \u00e9pur\u00e9, ou vous pourrez savourer une cuisine m\u00e9diterran\u00e9enne revisit\u00e9e, en plein c\u0153ur de la campagne carolor\u00e9gienne.","og_url":"https:\/\/fetavie.be\/index.php\/produit\/feta\/","og_site_name":"FETAVIE","article_publisher":"https:\/\/www.facebook.com\/RestaurantTraiteurFetavie","article_modified_time":"2022-10-17T14:34:28+00:00","og_image":[{"width":500,"height":400,"url":"https:\/\/fetavie.be\/wp-content\/uploads\/2022\/10\/feta-gratinee-fetavie.png","type":"image\/png"}],"twitter_card":"summary_large_image","schema":{"@context":"https:\/\/schema.org","@graph":[{"@type":"WebPage","@id":"https:\/\/fetavie.be\/index.php\/produit\/feta\/","url":"https:\/\/fetavie.be\/index.php\/produit\/feta\/","name":"Feta gratin\u00e9e - FETAVIE","isPartOf":{"@id":"https:\/\/fetavie.be\/#website"},"primaryImageOfPage":{"@id":"https:\/\/fetavie.be\/index.php\/produit\/feta\/#primaryimage"},"image":{"@id":"https:\/\/fetavie.be\/index.php\/produit\/feta\/#primaryimage"},"thumbnailUrl":"https:\/\/fetavie.be\/wp-content\/uploads\/2022\/10\/feta-gratinee-fetavie.png","datePublished":"2022-10-03T16:02:15+00:00","dateModified":"2022-10-17T14:34:28+00:00","description":"Nous vous invitons \u00e0 venir d\u00e9couvrir notre univers culinaire dans un design \u00e0 la fois chic et \u00e9pur\u00e9, ou vous pourrez savourer une cuisine m\u00e9diterran\u00e9enne revisit\u00e9e, en plein c\u0153ur de la campagne carolor\u00e9gienne.","breadcrumb":{"@id":"https:\/\/fetavie.be\/index.php\/produit\/feta\/#breadcrumb"},"inLanguage":"fr-FR","potentialAction":[{"@type":"ReadAction","target":["https:\/\/fetavie.be\/index.php\/produit\/feta\/"]}]},{"@type":"ImageObject","inLanguage":"fr-FR","@id":"https:\/\/fetavie.be\/index.php\/produit\/feta\/#primaryimage","url":"https:\/\/fetavie.be\/wp-content\/uploads\/2022\/10\/feta-gratinee-fetavie.png","contentUrl":"https:\/\/fetavie.be\/wp-content\/uploads\/2022\/10\/feta-gratinee-fetavie.png","width":500,"height":400,"caption":"feta gratin\u00e9e fetavie"},{"@type":"BreadcrumbList","@id":"https:\/\/fetavie.be\/index.php\/produit\/feta\/#breadcrumb","itemListElement":[{"@type":"ListItem","position":1,"name":"Accueil","item":"https:\/\/fetavie.be\/"},{"@type":"ListItem","position":2,"name":"Take Away","item":"https:\/\/fetavie.be\/index.php\/takeout\/"},{"@type":"ListItem","position":3,"name":"Feta gratin\u00e9e"}]},{"@type":"WebSite","@id":"https:\/\/fetavie.be\/#website","url":"https:\/\/fetavie.be\/","name":"FETAVIE - RESTAURANT","description":"By Tolis Lalos","publisher":{"@id":"https:\/\/fetavie.be\/#organization"},"alternateName":"FETAVIE - RESTAURANT","potentialAction":[{"@type":"SearchAction","target":{"@type":"EntryPoint","urlTemplate":"https:\/\/fetavie.be\/?s={search_term_string}"},"query-input":{"@type":"PropertyValueSpecification","valueRequired":true,"valueName":"search_term_string"}}],"inLanguage":"fr-FR"},{"@type":"Organization","@id":"https:\/\/fetavie.be\/#organization","name":"FETAVIE - RESTAURANT","url":"https:\/\/fetavie.be\/","logo":{"@type":"ImageObject","inLanguage":"fr-FR","@id":"https:\/\/fetavie.be\/#\/schema\/logo\/image\/","url":"https:\/\/fetavie.be\/wp-content\/uploads\/2022\/08\/cropped-icon-fitavie.jpg","contentUrl":"https:\/\/fetavie.be\/wp-content\/uploads\/2022\/08\/cropped-icon-fitavie.jpg","width":512,"height":512,"caption":"FETAVIE - RESTAURANT"},"image":{"@id":"https:\/\/fetavie.be\/#\/schema\/logo\/image\/"},"sameAs":["https:\/\/www.facebook.com\/RestaurantTraiteurFetavie","https:\/\/www.instagram.com\/themefusion\/?hl=en"]}]}},"jetpack_sharing_enabled":true,"_links":{"self":[{"href":"https:\/\/fetavie.be\/index.php\/wp-json\/wp\/v2\/product\/4008","targetHints":{"allow":["GET"]}}],"collection":[{"href":"https:\/\/fetavie.be\/index.php\/wp-json\/wp\/v2\/product"}],"about":[{"href":"https:\/\/fetavie.be\/index.php\/wp-json\/wp\/v2\/types\/product"}],"replies":[{"embeddable":true,"href":"https:\/\/fetavie.be\/index.php\/wp-json\/wp\/v2\/comments?post=4008"}],"wp:featuredmedia":[{"embeddable":true,"href":"https:\/\/fetavie.be\/index.php\/wp-json\/wp\/v2\/media\/4031"}],"wp:attachment":[{"href":"https:\/\/fetavie.be\/index.php\/wp-json\/wp\/v2\/media?parent=4008"}],"wp:term":[{"taxonomy":"product_brand","embeddable":true,"href":"https:\/\/fetavie.be\/index.php\/wp-json\/wp\/v2\/product_brand?post=4008"},{"taxonomy":"product_cat","embeddable":true,"href":"https:\/\/fetavie.be\/index.php\/wp-json\/wp\/v2\/product_cat?post=4008"},{"taxonomy":"product_tag","embeddable":true,"href":"https:\/\/fetavie.be\/index.php\/wp-json\/wp\/v2\/product_tag?post=4008"}],"curies":[{"name":"wp","href":"https:\/\/api.w.org\/{rel}","templated":true}]}}