{"id":8,"date":"2022-05-28T20:04:29","date_gmt":"2022-05-28T18:04:29","guid":{"rendered":"http:\/\/fetavie.be\/index.php\/commander\/"},"modified":"2022-05-28T20:04:29","modified_gmt":"2022-05-28T18:04:29","slug":"commander","status":"publish","type":"page","link":"https:\/\/fetavie.be\/index.php\/commander\/","title":{"rendered":"Validation de la commande"},"content":{"rendered":"<div class=\"woocommerce\"><\/div>\n","protected":false},"excerpt":{"rendered":"","protected":false},"author":1,"featured_media":0,"parent":0,"menu_order":0,"comment_status":"closed","ping_status":"closed","template":"","meta":{"footnotes":""},"class_list":["post-8","page","type-page","status-publish","hentry"],"yoast_head":"<!-- This site is optimized with the Yoast SEO plugin v27.4 - https:\/\/yoast.com\/product\/yoast-seo-wordpress\/ -->\n<title>Validation de la commande - FETAVIE<\/title>\n<meta name=\"description\" content=\"Nous vous invitons \u00e0 venir d\u00e9couvrir notre univers culinaire dans un design \u00e0 la fois chic et \u00e9pur\u00e9, ou vous pourrez savourer une cuisine m\u00e9diterran\u00e9enne revisit\u00e9e, en plein c\u0153ur de la campagne carolor\u00e9gienne.\" \/>\n<meta name=\"robots\" content=\"index, follow, max-snippet:-1, max-image-preview:large, max-video-preview:-1\" \/>\n<link rel=\"canonical\" href=\"https:\/\/fetavie.be\/index.php\/commander\/\" \/>\n<meta property=\"og:locale\" content=\"fr_FR\" \/>\n<meta property=\"og:type\" content=\"article\" \/>\n<meta property=\"og:title\" content=\"Validation de la commande - FETAVIE\" \/>\n<meta property=\"og:description\" content=\"Nous vous invitons \u00e0 venir d\u00e9couvrir notre univers culinaire dans un design \u00e0 la fois chic et \u00e9pur\u00e9, ou vous pourrez savourer une cuisine m\u00e9diterran\u00e9enne revisit\u00e9e, en plein c\u0153ur de la campagne carolor\u00e9gienne.\" \/>\n<meta property=\"og:url\" content=\"https:\/\/fetavie.be\/index.php\/commander\/\" \/>\n<meta property=\"og:site_name\" content=\"FETAVIE\" \/>\n<meta property=\"article:publisher\" content=\"https:\/\/www.facebook.com\/RestaurantTraiteurFetavie\" \/>\n<meta property=\"og:image\" content=\"https:\/\/fetavie.be\/wp-content\/uploads\/2022\/07\/DSC6244-scaled.jpg\" \/>\n\t<meta property=\"og:image:width\" content=\"2560\" \/>\n\t<meta property=\"og:image:height\" content=\"1706\" \/>\n\t<meta property=\"og:image:type\" content=\"image\/jpeg\" \/>\n<meta name=\"twitter:card\" content=\"summary_large_image\" \/>\n<script type=\"application\/ld+json\" class=\"yoast-schema-graph\">{\"@context\":\"https:\\\/\\\/schema.org\",\"@graph\":[{\"@type\":\"WebPage\",\"@id\":\"https:\\\/\\\/fetavie.be\\\/index.php\\\/commander\\\/\",\"url\":\"https:\\\/\\\/fetavie.be\\\/index.php\\\/commander\\\/\",\"name\":\"Validation de la commande - FETAVIE\",\"isPartOf\":{\"@id\":\"https:\\\/\\\/fetavie.be\\\/#website\"},\"datePublished\":\"2022-05-28T18:04:29+00:00\",\"description\":\"Nous vous invitons \u00e0 venir d\u00e9couvrir notre univers culinaire dans un design \u00e0 la fois chic et \u00e9pur\u00e9, ou vous pourrez savourer une cuisine m\u00e9diterran\u00e9enne revisit\u00e9e, en plein c\u0153ur de la campagne carolor\u00e9gienne.\",\"breadcrumb\":{\"@id\":\"https:\\\/\\\/fetavie.be\\\/index.php\\\/commander\\\/#breadcrumb\"},\"inLanguage\":\"fr-FR\",\"potentialAction\":[{\"@type\":\"ReadAction\",\"target\":[\"https:\\\/\\\/fetavie.be\\\/index.php\\\/commander\\\/\"]}]},{\"@type\":\"BreadcrumbList\",\"@id\":\"https:\\\/\\\/fetavie.be\\\/index.php\\\/commander\\\/#breadcrumb\",\"itemListElement\":[{\"@type\":\"ListItem\",\"position\":1,\"name\":\"Accueil\",\"item\":\"https:\\\/\\\/fetavie.be\\\/\"},{\"@type\":\"ListItem\",\"position\":2,\"name\":\"Validation de la commande\"}]},{\"@type\":\"WebSite\",\"@id\":\"https:\\\/\\\/fetavie.be\\\/#website\",\"url\":\"https:\\\/\\\/fetavie.be\\\/\",\"name\":\"FETAVIE - RESTAURANT\",\"description\":\"By Tolis Lalos\",\"publisher\":{\"@id\":\"https:\\\/\\\/fetavie.be\\\/#organization\"},\"alternateName\":\"FETAVIE - RESTAURANT\",\"potentialAction\":[{\"@type\":\"SearchAction\",\"target\":{\"@type\":\"EntryPoint\",\"urlTemplate\":\"https:\\\/\\\/fetavie.be\\\/?s={search_term_string}\"},\"query-input\":{\"@type\":\"PropertyValueSpecification\",\"valueRequired\":true,\"valueName\":\"search_term_string\"}}],\"inLanguage\":\"fr-FR\"},{\"@type\":\"Organization\",\"@id\":\"https:\\\/\\\/fetavie.be\\\/#organization\",\"name\":\"FETAVIE - RESTAURANT\",\"url\":\"https:\\\/\\\/fetavie.be\\\/\",\"logo\":{\"@type\":\"ImageObject\",\"inLanguage\":\"fr-FR\",\"@id\":\"https:\\\/\\\/fetavie.be\\\/#\\\/schema\\\/logo\\\/image\\\/\",\"url\":\"https:\\\/\\\/fetavie.be\\\/wp-content\\\/uploads\\\/2022\\\/08\\\/cropped-icon-fitavie.jpg\",\"contentUrl\":\"https:\\\/\\\/fetavie.be\\\/wp-content\\\/uploads\\\/2022\\\/08\\\/cropped-icon-fitavie.jpg\",\"width\":512,\"height\":512,\"caption\":\"FETAVIE - RESTAURANT\"},\"image\":{\"@id\":\"https:\\\/\\\/fetavie.be\\\/#\\\/schema\\\/logo\\\/image\\\/\"},\"sameAs\":[\"https:\\\/\\\/www.facebook.com\\\/RestaurantTraiteurFetavie\",\"https:\\\/\\\/www.instagram.com\\\/themefusion\\\/?hl=en\"]}]}<\/script>\n<!-- \/ Yoast SEO plugin. -->","yoast_head_json":{"title":"Validation de la commande - FETAVIE","description":"Nous vous invitons \u00e0 venir d\u00e9couvrir notre univers culinaire dans un design \u00e0 la fois chic et \u00e9pur\u00e9, ou vous pourrez savourer une cuisine m\u00e9diterran\u00e9enne revisit\u00e9e, en plein c\u0153ur de la campagne carolor\u00e9gienne.","robots":{"index":"index","follow":"follow","max-snippet":"max-snippet:-1","max-image-preview":"max-image-preview:large","max-video-preview":"max-video-preview:-1"},"canonical":"https:\/\/fetavie.be\/index.php\/commander\/","og_locale":"fr_FR","og_type":"article","og_title":"Validation de la commande - FETAVIE","og_description":"Nous vous invitons \u00e0 venir d\u00e9couvrir notre univers culinaire dans un design \u00e0 la fois chic et \u00e9pur\u00e9, ou vous pourrez savourer une cuisine m\u00e9diterran\u00e9enne revisit\u00e9e, en plein c\u0153ur de la campagne carolor\u00e9gienne.","og_url":"https:\/\/fetavie.be\/index.php\/commander\/","og_site_name":"FETAVIE","article_publisher":"https:\/\/www.facebook.com\/RestaurantTraiteurFetavie","og_image":[{"width":2560,"height":1706,"url":"https:\/\/fetavie.be\/wp-content\/uploads\/2022\/07\/DSC6244-scaled.jpg","type":"image\/jpeg"}],"twitter_card":"summary_large_image","schema":{"@context":"https:\/\/schema.org","@graph":[{"@type":"WebPage","@id":"https:\/\/fetavie.be\/index.php\/commander\/","url":"https:\/\/fetavie.be\/index.php\/commander\/","name":"Validation de la commande - FETAVIE","isPartOf":{"@id":"https:\/\/fetavie.be\/#website"},"datePublished":"2022-05-28T18:04:29+00:00","description":"Nous vous invitons \u00e0 venir d\u00e9couvrir notre univers culinaire dans un design \u00e0 la fois chic et \u00e9pur\u00e9, ou vous pourrez savourer une cuisine m\u00e9diterran\u00e9enne revisit\u00e9e, en plein c\u0153ur de la campagne carolor\u00e9gienne.","breadcrumb":{"@id":"https:\/\/fetavie.be\/index.php\/commander\/#breadcrumb"},"inLanguage":"fr-FR","potentialAction":[{"@type":"ReadAction","target":["https:\/\/fetavie.be\/index.php\/commander\/"]}]},{"@type":"BreadcrumbList","@id":"https:\/\/fetavie.be\/index.php\/commander\/#breadcrumb","itemListElement":[{"@type":"ListItem","position":1,"name":"Accueil","item":"https:\/\/fetavie.be\/"},{"@type":"ListItem","position":2,"name":"Validation de la commande"}]},{"@type":"WebSite","@id":"https:\/\/fetavie.be\/#website","url":"https:\/\/fetavie.be\/","name":"FETAVIE - RESTAURANT","description":"By Tolis Lalos","publisher":{"@id":"https:\/\/fetavie.be\/#organization"},"alternateName":"FETAVIE - RESTAURANT","potentialAction":[{"@type":"SearchAction","target":{"@type":"EntryPoint","urlTemplate":"https:\/\/fetavie.be\/?s={search_term_string}"},"query-input":{"@type":"PropertyValueSpecification","valueRequired":true,"valueName":"search_term_string"}}],"inLanguage":"fr-FR"},{"@type":"Organization","@id":"https:\/\/fetavie.be\/#organization","name":"FETAVIE - RESTAURANT","url":"https:\/\/fetavie.be\/","logo":{"@type":"ImageObject","inLanguage":"fr-FR","@id":"https:\/\/fetavie.be\/#\/schema\/logo\/image\/","url":"https:\/\/fetavie.be\/wp-content\/uploads\/2022\/08\/cropped-icon-fitavie.jpg","contentUrl":"https:\/\/fetavie.be\/wp-content\/uploads\/2022\/08\/cropped-icon-fitavie.jpg","width":512,"height":512,"caption":"FETAVIE - RESTAURANT"},"image":{"@id":"https:\/\/fetavie.be\/#\/schema\/logo\/image\/"},"sameAs":["https:\/\/www.facebook.com\/RestaurantTraiteurFetavie","https:\/\/www.instagram.com\/themefusion\/?hl=en"]}]}},"jetpack_sharing_enabled":true,"_links":{"self":[{"href":"https:\/\/fetavie.be\/index.php\/wp-json\/wp\/v2\/pages\/8","targetHints":{"allow":["GET"]}}],"collection":[{"href":"https:\/\/fetavie.be\/index.php\/wp-json\/wp\/v2\/pages"}],"about":[{"href":"https:\/\/fetavie.be\/index.php\/wp-json\/wp\/v2\/types\/page"}],"author":[{"embeddable":true,"href":"https:\/\/fetavie.be\/index.php\/wp-json\/wp\/v2\/users\/1"}],"replies":[{"embeddable":true,"href":"https:\/\/fetavie.be\/index.php\/wp-json\/wp\/v2\/comments?post=8"}],"version-history":[{"count":0,"href":"https:\/\/fetavie.be\/index.php\/wp-json\/wp\/v2\/pages\/8\/revisions"}],"wp:attachment":[{"href":"https:\/\/fetavie.be\/index.php\/wp-json\/wp\/v2\/media?parent=8"}],"curies":[{"name":"wp","href":"https:\/\/api.w.org\/{rel}","templated":true}]}}